{"id":734,"date":"2020-03-25T18:10:45","date_gmt":"2020-03-25T18:10:45","guid":{"rendered":"https:\/\/www.carsons.ro\/?page_id=734"},"modified":"2020-03-27T08:22:43","modified_gmt":"2020-03-27T08:22:43","slug":"politica-cookie-uri","status":"publish","type":"page","link":"https:\/\/www.carsons.ro\/bg\/politica-cookie-uri\/","title":{"rendered":"Politica cookie-uri"},"content":{"rendered":"<p><!--StartFragment--><\/p>\n\n\n<p>Site-ul nostru utilizeaz\u0103 module cookie. Cookie-urile sunt fi\u0219iere text care sunt stocate \u00eentr-un sistem informatic prin intermediul unui browser de Internet.<\/p>\n\n\n\n<p>Multe site-uri Internet \u0219i servere utilizeaz\u0103 cookie-uri. Multe module cookie con\u021bin un ID cookie. Un ID cookie este un identificator unic al cookie-ului. Se compune dintr-un \u0219ir de caractere prin care paginile \u0219i serverele Internet pot fi atribuite browserului de Internet \u00een care a fost stocat cookie-ul. Aceasta permite site-urilor Internet \u0219i serverelor vizitate s\u0103 diferen\u021bieze browserul individual al persoanei vizate de alte browsere de Internet care con\u021bin alte cookie-uri. Un anumit browser de Internet poate fi recunoscut \u0219i identificat utiliz\u00e2nd unicul ID cookie.<\/p>\n\n\n\n<p>Prin utilizarea cookie-urilor, putem oferi utilizatorilor acestui site mai multe servicii u\u0219or de utilizat, care nu ar fi posibile f\u0103r\u0103 setarea cookie-urilor.<\/p>\n\n\n\n<p>Prin intermediul unui cookie, informa\u021biile \u0219i ofertele de pe site-ul nostru pot fi optimizate \u00een func\u021bie de utilizator. Cookie-urile ne permit, dup\u0103 cum am men\u021bionat anterior, s\u0103 recunoa\u0219tem utilizatorii site-ului nostru web. Scopul acestei recunoa\u0219teri este de a u\u0219ura utilizarea de c\u0103tre utilizatori a site-ului nostru web. Utilizatorul site-ului web care utilizeaz\u0103 module cookie, de ex. nu trebuie s\u0103 introduc\u0103 date de acces de fiecare dat\u0103 c\u00e2nd site-ul este accesat, deoarece acesta este preluat de site-ul web, iar cookie-ul este astfel stocat \u00een sistemul informatic al utilizatorului. Un alt exemplu este cookie-ul unui co\u0219 de cump\u0103r\u0103turi \u00eentr-un magazin online. Magazinul online \u00ee\u0219i aminte\u0219te articolele pe care un client le-a plasat \u00een co\u0219ul de cump\u0103r\u0103turi virtuale prin intermediul unui modul cookie.<\/p>\n\n\n\n<p>Persoana vizat\u0103 poate, \u00een orice moment, s\u0103 \u00eempiedice setarea cookie-urilor prin intermediul site-ului nostru web prin intermediul unei set\u0103ri corespunz\u0103toare a browserului de internet utilizat \u0219i poate astfel s\u0103 refuze definitiv setarea cookie-urilor. \u00cen plus, cookie-urile deja setate pot fi \u0219terse \u00een orice moment prin intermediul unui browser de Internet sau al altor programe software. Acest lucru este posibil \u00een toate browserele de Internet populare. Dac\u0103 persoana vizat\u0103 dezactiveaz\u0103 setarea cookie-urilor \u00een browserul de internet utilizat, nu toate func\u021biile site-ului nostru pot fi utilizate \u00een totalitate.<\/p>\n\n\n\n<p> <em>Echipa Carsons Lights<\/em> <\/p>\n","protected":false},"excerpt":{"rendered":"<p>Site-ul nostru utilizeaz\u0103 module cookie. Cookie-urile sunt fi\u0219iere text care sunt stocate \u00eentr-un sistem informatic prin intermediul unui browser de Internet. Multe site-uri Internet \u0219i servere utilizeaz\u0103 cookie-uri. Multe module cookie con\u021bin un ID cookie. Un ID cookie este un identificator unic al cookie-ului. Se compune dintr-un \u0219ir de caractere prin care paginile \u0219i serverele [&hellip;]<\/p>\n","protected":false},"author":1,"featured_media":0,"parent":0,"menu_order":0,"comment_status":"closed","ping_status":"closed","template":"","meta":{"_et_pb_use_builder":"","_et_pb_old_content":"","_et_gb_content_width":"","footnotes":""},"class_list":["post-734","page","type-page","status-publish","hentry"],"jetpack_sharing_enabled":true,"_links":{"self":[{"href":"https:\/\/www.carsons.ro\/bg\/wp-json\/wp\/v2\/pages\/734","targetHints":{"allow":["GET"]}}],"collection":[{"href":"https:\/\/www.carsons.ro\/bg\/wp-json\/wp\/v2\/pages"}],"about":[{"href":"https:\/\/www.carsons.ro\/bg\/wp-json\/wp\/v2\/types\/page"}],"author":[{"embeddable":true,"href":"https:\/\/www.carsons.ro\/bg\/wp-json\/wp\/v2\/users\/1"}],"replies":[{"embeddable":true,"href":"https:\/\/www.carsons.ro\/bg\/wp-json\/wp\/v2\/comments?post=734"}],"version-history":[{"count":3,"href":"https:\/\/www.carsons.ro\/bg\/wp-json\/wp\/v2\/pages\/734\/revisions"}],"predecessor-version":[{"id":1060,"href":"https:\/\/www.carsons.ro\/bg\/wp-json\/wp\/v2\/pages\/734\/revisions\/1060"}],"wp:attachment":[{"href":"https:\/\/www.carsons.ro\/bg\/wp-json\/wp\/v2\/media?parent=734"}],"curies":[{"name":"wp","href":"https:\/\/api.w.org\/{rel}","templated":true}]}}