{"id":76,"date":"2020-03-21T16:45:21","date_gmt":"2020-03-21T16:45:21","guid":{"rendered":"https:\/\/carsons.ro\/?page_id=76"},"modified":"2020-03-27T08:19:40","modified_gmt":"2020-03-27T08:19:40","slug":"garantie","status":"publish","type":"page","link":"https:\/\/www.carsons.ro\/bg\/garantie\/","title":{"rendered":"Garan\u021bie"},"content":{"rendered":"\n<p>Toate produsele comercializate de\u00a0<strong>CARSONS <\/strong>\u00a0beneficiaza de garantie pentru o perioada de 12 luni de la data achizitiei. <\/p>\n\n\n\n<p>Nu fac obiectul garantiei produsele care prezinta defecte fizice precum: lovituri, crapaturi, ciobiri, componente\/piese arse sau plesnite etc., etichete sau sigilii de garantie deteriorate, indepartate sau modificate, produsele utilizate in conditii neadecvate (tensiuni de alimentare necorespunzatoare, supunerea la variatii mari de temperatura si presiune, socuri mecanice, manipulare incorecta, utilizarea produselor in conditii de umiditate, praf, noxe sau sub actiunea substantelor chimice etc.), setari si instalari incorecte, prize fara impamantare, patrunderea de lichide, metale sau alte substante in interiorul echipamentelor, interventia mecanica sau plastica asupra produselor, conectarea sau deconectarea anumitelor componente in timpul functionarii echipamentelor.<\/p>\n\n\n\n<p><br>R\u0103spundem cererilor dumneavoastr\u0103 \u00een cel mult 2 zile de la data reclamatiei. Procedam la repararea defectului sau \u00eenlocuirea produsului.<\/p>\n\n\n\n<p><em>Echipa Carsons Lights<\/em><\/p>\n","protected":false},"excerpt":{"rendered":"<p>Toate produsele comercializate de\u00a0CARSONS \u00a0beneficiaza de garantie pentru o perioada de 12 luni de la data achizitiei. Nu fac obiectul garantiei produsele care prezinta defecte fizice precum: lovituri, crapaturi, ciobiri, componente\/piese arse sau plesnite etc., etichete sau sigilii de garantie deteriorate, indepartate sau modificate, produsele utilizate in conditii neadecvate (tensiuni de alimentare necorespunzatoare, supunerea la [&hellip;]<\/p>\n","protected":false},"author":1,"featured_media":0,"parent":0,"menu_order":0,"comment_status":"closed","ping_status":"closed","template":"","meta":{"_et_pb_use_builder":"","_et_pb_old_content":"","_et_gb_content_width":"","footnotes":""},"class_list":["post-76","page","type-page","status-publish","hentry"],"jetpack_sharing_enabled":true,"_links":{"self":[{"href":"https:\/\/www.carsons.ro\/bg\/wp-json\/wp\/v2\/pages\/76","targetHints":{"allow":["GET"]}}],"collection":[{"href":"https:\/\/www.carsons.ro\/bg\/wp-json\/wp\/v2\/pages"}],"about":[{"href":"https:\/\/www.carsons.ro\/bg\/wp-json\/wp\/v2\/types\/page"}],"author":[{"embeddable":true,"href":"https:\/\/www.carsons.ro\/bg\/wp-json\/wp\/v2\/users\/1"}],"replies":[{"embeddable":true,"href":"https:\/\/www.carsons.ro\/bg\/wp-json\/wp\/v2\/comments?post=76"}],"version-history":[{"count":2,"href":"https:\/\/www.carsons.ro\/bg\/wp-json\/wp\/v2\/pages\/76\/revisions"}],"predecessor-version":[{"id":1058,"href":"https:\/\/www.carsons.ro\/bg\/wp-json\/wp\/v2\/pages\/76\/revisions\/1058"}],"wp:attachment":[{"href":"https:\/\/www.carsons.ro\/bg\/wp-json\/wp\/v2\/media?parent=76"}],"curies":[{"name":"wp","href":"https:\/\/api.w.org\/{rel}","templated":true}]}}