{"id":28,"date":"2020-03-20T20:18:22","date_gmt":"2020-03-20T20:18:22","guid":{"rendered":"https:\/\/carsons.ro\/?page_id=28"},"modified":"2025-07-07T19:40:22","modified_gmt":"2025-07-07T19:40:22","slug":"prima-pagina","status":"publish","type":"page","link":"https:\/\/www.carsons.ro\/hu\/","title":{"rendered":"Prima pagin\u0103"},"content":{"rendered":"\n<p class=\"has-text-align-center\"><em><mark style=\"background-color:rgba(0, 0, 0, 0)\" class=\"has-inline-color has-black-color\">Bine ai venit ! <\/mark><\/em><\/p>\n\n\n\n<h1 class=\"wp-block-heading has-text-align-center\"><mark style=\"background-color:rgba(0, 0, 0, 0)\" class=\"has-inline-color has-very-dark-gray-color\"><em>lumini LED biciclete si trotinete electrice<\/em><\/mark><\/h1>\n\n\n\n<p><mark style=\"background-color:rgba(0, 0, 0, 0)\" class=\"has-inline-color has-very-dark-gray-color\"><em>Venim \u00een \u00eent\u00e2mpinarea dvs cu o gam\u0103 larg\u0103 de lumini LED biciclete si trotinete electrice, dar \u0219i alte accesorii av\u00e2nd ca scop s\u0103 satisfacem cele mai diverse preferin\u021be.<\/em><\/mark> <em>Rela\u021bia noastr\u0103 cu cump\u0103r\u0103torii, fie persoane fizice sau juridice, se bazeaz\u0103 pe \u00eencredere \u0219i respect reciproc fiind permanent deschi\u0219i la feedback-ul acestora.&nbsp;<mark style=\"background-color:rgba(0, 0, 0, 0)\" class=\"has-inline-color has-very-dark-gray-color\"> <\/mark><\/em><\/p>\n\n\n\n<p class=\"has-text-align-center\"><strong><mark style=\"background-color:rgba(0, 0, 0, 0)\" class=\"has-inline-color has-vivid-red-color\">IMPORTANT ! <\/mark><\/strong><\/p>\n\n\n\n<p class=\"has-text-align-center\"><mark style=\"background-color:rgba(0, 0, 0, 0)\" class=\"has-inline-color has-vivid-red-color\"><em>Now we deliver to Bulgaria and Hungary.<\/em> <\/mark><\/p>\n\n\n\n<p class=\"has-text-align-center\"><mark style=\"background-color:rgba(0, 0, 0, 0)\" class=\"has-inline-color has-vivid-red-color\"><em>\u0412\u0435\u0447\u0435 \u0434\u043e\u0441\u0442\u0430\u0432\u044f\u043c\u0435 \u0434\u043e \u0411\u044a\u043b\u0433\u0430\u0440\u0438\u044f \u0438 \u0423\u043d\u0433\u0430\u0440\u0438\u044f.<\/em><\/mark><\/p>\n\n\n\n<p class=\"has-text-align-center\"><mark style=\"background-color:rgba(0, 0, 0, 0)\" class=\"has-inline-color has-vivid-red-color\"><em>Jelenleg Bulg\u00e1ri\u00e1ba \u00e9s Magyarorsz\u00e1gra sz\u00e1ll\u00edtunk.<\/em><\/mark><\/p>\n\n\n<div class=\"wp-block-image is-style-rounded\">\n<figure class=\"aligncenter\"><img data-recalc-dims=\"1\" decoding=\"async\" src=\"https:\/\/i0.wp.com\/www.carsons.ro\/wp-content\/uploads\/2020\/07\/image.png?w=980&#038;ssl=1\" alt=\"Aceast\u0103 imagine are atributul alt gol; numele fi\u0219ierului este image.png\"\/><\/figure>\n<\/div>\n\n\n<p class=\"has-text-align-center\"><mark style=\"background-color:rgba(0, 0, 0, 0)\" class=\"has-inline-color has-vivid-green-cyan-color\">Procesare rapida comanda si livrare in 1-2 zile lucratoare<\/mark><\/p>\n\n\n\n<p class=\"has-text-align-center\"><mark style=\"background-color:rgba(0, 0, 0, 0)\" class=\"has-inline-color has-vivid-green-cyan-color\">LIVRARE GRATUITA pentru minim 250 ron comanda<\/mark><\/p>\n\n\n\n<p class=\"has-text-align-center\"><mark style=\"background-color:rgba(0, 0, 0, 0)\" class=\"has-inline-color has-vivid-green-cyan-color\">14 zile retur gratuit<\/mark><\/p>\n\n\n\n<p class=\"has-text-align-center\"><mark style=\"background-color:rgba(0, 0, 0, 0)\" class=\"has-inline-color has-vivid-green-cyan-color\">Garantie 12 luni si suport tehnic 24\/24 <\/mark><\/p>\n\n\n\n<p class=\"has-text-align-center\"><mark style=\"background-color:rgba(0, 0, 0, 0)\" class=\"has-inline-color has-vivid-green-cyan-color\">Plati securizate prin serviciul <\/mark><\/p>\n\n\n<div class=\"wp-block-image\">\n<figure class=\"aligncenter\"><img data-recalc-dims=\"1\" decoding=\"async\" src=\"https:\/\/i0.wp.com\/www.carsons.ro\/wp-content\/uploads\/2020\/07\/image-1.png?w=980&#038;ssl=1\" alt=\"Aceast\u0103 imagine are atributul alt gol; numele fi\u0219ierului este image-1.png\"\/><\/figure>\n<\/div>\n\n\n<p><\/p>\n\n\n\n<p><\/p>\n\n\n\n<p><\/p>\n\n\n\n<h2 class=\"wp-block-heading\"><\/h2>\n\n\n<div class=\"wp-block-image\">\n<figure class=\"aligncenter size-large is-resized\"><img data-recalc-dims=\"1\" loading=\"lazy\" decoding=\"async\" width=\"970\" height=\"300\" src=\"https:\/\/i0.wp.com\/www.carsons.ro\/wp-content\/uploads\/2020\/03\/sfg-1.jpg?resize=970%2C300&#038;ssl=1\" alt=\"\" class=\"wp-image-1014\" style=\"width:399px;height:123px\" srcset=\"https:\/\/i0.wp.com\/www.carsons.ro\/hu\/wp-content\/uploads\/sites\/4\/2020\/03\/sfg-1.jpg?w=970&amp;ssl=1 970w, https:\/\/i0.wp.com\/www.carsons.ro\/hu\/wp-content\/uploads\/sites\/4\/2020\/03\/sfg-1.jpg?resize=300%2C93&amp;ssl=1 300w, https:\/\/i0.wp.com\/www.carsons.ro\/hu\/wp-content\/uploads\/sites\/4\/2020\/03\/sfg-1.jpg?resize=768%2C238&amp;ssl=1 768w, https:\/\/i0.wp.com\/www.carsons.ro\/hu\/wp-content\/uploads\/sites\/4\/2020\/03\/sfg-1.jpg?resize=416%2C129&amp;ssl=1 416w\" sizes=\"(max-width: 970px) 100vw, 970px\" \/><\/figure>\n<\/div>\n\n\n<p><\/p>\n\n\n<p><code><div class=\"woocommerce columns-4 \"><ul class=\"products columns-4\">\n<li class=\"product type-product post-173 status-publish first instock product_cat-faruri-cu-baterii product_cat-faruri-fata has-post-thumbnail sale taxable shipping-taxable purchasable product-type-simple\">\n\t<a href=\"https:\/\/www.carsons.ro\/hu\/produs\/far-240-lumen\/\" class=\"woocommerce-LoopProduct-link woocommerce-loop-product__link\"><span class=\"et_shop_image\"><img loading=\"lazy\" decoding=\"async\" width=\"324\" height=\"324\" src=\"https:\/\/i0.wp.com\/www.carsons.ro\/hu\/wp-content\/uploads\/sites\/4\/2020\/03\/High-Quality-Led-Bicycle-font-b-Light-b-font-use-battery-18650-Torch-font-b-Holder.jpg?resize=324%2C324&amp;ssl=1\" class=\"attachment-woocommerce_thumbnail size-woocommerce_thumbnail\" alt=\"Far 240 lumeni, 3 moduri luminare, zoom in\/out\" srcset=\"https:\/\/i0.wp.com\/www.carsons.ro\/hu\/wp-content\/uploads\/sites\/4\/2020\/03\/High-Quality-Led-Bicycle-font-b-Light-b-font-use-battery-18650-Torch-font-b-Holder.jpg?resize=150%2C150&amp;ssl=1 150w, https:\/\/i0.wp.com\/www.carsons.ro\/hu\/wp-content\/uploads\/sites\/4\/2020\/03\/High-Quality-Led-Bicycle-font-b-Light-b-font-use-battery-18650-Torch-font-b-Holder.jpg?resize=324%2C324&amp;ssl=1 324w, https:\/\/i0.wp.com\/www.carsons.ro\/hu\/wp-content\/uploads\/sites\/4\/2020\/03\/High-Quality-Led-Bicycle-font-b-Light-b-font-use-battery-18650-Torch-font-b-Holder.jpg?resize=100%2C100&amp;ssl=1 100w, https:\/\/i0.wp.com\/www.carsons.ro\/hu\/wp-content\/uploads\/sites\/4\/2020\/03\/High-Quality-Led-Bicycle-font-b-Light-b-font-use-battery-18650-Torch-font-b-Holder.jpg?zoom=2&amp;resize=324%2C324&amp;ssl=1 648w\" sizes=\"(max-width: 324px) 100vw, 324px\" \/><span class=\"et_overlay\"><\/span><\/span><h2 class=\"woocommerce-loop-product__title\">Far 240 lumeni, 3 moduri luminare, zoom in\/out<\/h2>\n\t<span class=\"onsale\">Akci\u00f3!<\/span>\n\t\n\t<span class=\"price\"><del><span class=\"woocommerce-Price-amount amount\"><bdi>35&nbsp;<span class=\"woocommerce-Price-currencySymbol\">lei<\/span><\/bdi><\/span><\/del> <ins><span class=\"woocommerce-Price-amount amount\"><bdi>22&nbsp;<span class=\"woocommerce-Price-currencySymbol\">lei<\/span><\/bdi><\/span><\/ins><br\/><span class=\"carsons-vat-included\">TVA inclus<\/span><\/span>\n<\/a><a href=\"\/hu\/wp-json\/wp\/v2\/pages\/28?add-to-cart=173\" aria-describedby=\"woocommerce_loop_add_to_cart_link_describedby_173\" data-quantity=\"1\" class=\"button product_type_simple add_to_cart_button ajax_add_to_cart\" data-product_id=\"173\" data-product_sku=\"ON-01\" aria-label=\"Kos\u00e1rba: &ldquo;Far 240 lumeni, 3 moduri luminare, zoom in\/out&rdquo;\" rel=\"nofollow\" data-success_message=\"&ldquo;Far 240 lumeni, 3 moduri luminare, zoom in\/out&rdquo; has been added to your cart\" role=\"button\">Kos\u00e1rba teszem<\/a>\t<span id=\"woocommerce_loop_add_to_cart_link_describedby_173\" class=\"screen-reader-text\">\n\t\t\t<\/span>\n<\/li>\n<li class=\"product type-product post-99 status-publish instock product_cat-faruri-cu-baterii product_cat-faruri-fata has-post-thumbnail sale taxable shipping-taxable purchasable product-type-simple\">\n\t<a href=\"https:\/\/www.carsons.ro\/hu\/produs\/far-fata-300-lumeni\/\" class=\"woocommerce-LoopProduct-link woocommerce-loop-product__link\"><span class=\"et_shop_image\"><img loading=\"lazy\" decoding=\"async\" width=\"324\" height=\"324\" src=\"https:\/\/i0.wp.com\/www.carsons.ro\/hu\/wp-content\/uploads\/sites\/4\/2020\/03\/far-fata-carsons-q5-8.jpg?resize=324%2C324&amp;ssl=1\" class=\"attachment-woocommerce_thumbnail size-woocommerce_thumbnail\" alt=\"Far fata 300 lumeni\" srcset=\"https:\/\/i0.wp.com\/www.carsons.ro\/hu\/wp-content\/uploads\/sites\/4\/2020\/03\/far-fata-carsons-q5-8.jpg?w=450&amp;ssl=1 450w, https:\/\/i0.wp.com\/www.carsons.ro\/hu\/wp-content\/uploads\/sites\/4\/2020\/03\/far-fata-carsons-q5-8.jpg?resize=300%2C300&amp;ssl=1 300w, https:\/\/i0.wp.com\/www.carsons.ro\/hu\/wp-content\/uploads\/sites\/4\/2020\/03\/far-fata-carsons-q5-8.jpg?resize=150%2C150&amp;ssl=1 150w, https:\/\/i0.wp.com\/www.carsons.ro\/hu\/wp-content\/uploads\/sites\/4\/2020\/03\/far-fata-carsons-q5-8.jpg?resize=324%2C324&amp;ssl=1 324w, https:\/\/i0.wp.com\/www.carsons.ro\/hu\/wp-content\/uploads\/sites\/4\/2020\/03\/far-fata-carsons-q5-8.jpg?resize=416%2C416&amp;ssl=1 416w, https:\/\/i0.wp.com\/www.carsons.ro\/hu\/wp-content\/uploads\/sites\/4\/2020\/03\/far-fata-carsons-q5-8.jpg?resize=100%2C100&amp;ssl=1 100w\" sizes=\"(max-width: 324px) 100vw, 324px\" \/><span class=\"et_overlay\"><\/span><\/span><h2 class=\"woocommerce-loop-product__title\">Far fata 300 lumeni<\/h2>\n\t<span class=\"onsale\">Akci\u00f3!<\/span>\n\t\n\t<span class=\"price\"><del><span class=\"woocommerce-Price-amount amount\"><bdi>37&nbsp;<span class=\"woocommerce-Price-currencySymbol\">lei<\/span><\/bdi><\/span><\/del> <ins><span class=\"woocommerce-Price-amount amount\"><bdi>25&nbsp;<span class=\"woocommerce-Price-currencySymbol\">lei<\/span><\/bdi><\/span><\/ins><br\/><span class=\"carsons-vat-included\">TVA inclus<\/span><\/span>\n<\/a><a href=\"\/hu\/wp-json\/wp\/v2\/pages\/28?add-to-cart=99\" aria-describedby=\"woocommerce_loop_add_to_cart_link_describedby_99\" data-quantity=\"1\" class=\"button product_type_simple add_to_cart_button ajax_add_to_cart\" data-product_id=\"99\" data-product_sku=\"ON-04\" aria-label=\"Kos\u00e1rba: &ldquo;Far fata 300 lumeni&rdquo;\" rel=\"nofollow\" data-success_message=\"&ldquo;Far fata 300 lumeni&rdquo; has been added to your cart\" role=\"button\">Kos\u00e1rba teszem<\/a>\t<span id=\"woocommerce_loop_add_to_cart_link_describedby_99\" class=\"screen-reader-text\">\n\t\t\t<\/span>\n<\/li>\n<li class=\"product type-product post-408 status-publish instock product_cat-faruri-incarcare-solara product_cat-faruri-fata has-post-thumbnail sale taxable shipping-taxable purchasable product-type-simple\">\n\t<a href=\"https:\/\/www.carsons.ro\/hu\/produs\/far-solar-multifunctional-usb\/\" class=\"woocommerce-LoopProduct-link woocommerce-loop-product__link\"><span class=\"et_shop_image\"><img loading=\"lazy\" decoding=\"async\" width=\"324\" height=\"324\" src=\"https:\/\/i0.wp.com\/www.carsons.ro\/hu\/wp-content\/uploads\/sites\/4\/2020\/03\/waterproof-solar-power-bike-light-led-usb-rechargeable-bike-front-light-bell.jpg?resize=324%2C324&amp;ssl=1\" class=\"attachment-woocommerce_thumbnail size-woocommerce_thumbnail\" alt=\"Far Solar Multifunctional USB\" srcset=\"https:\/\/i0.wp.com\/www.carsons.ro\/hu\/wp-content\/uploads\/sites\/4\/2020\/03\/waterproof-solar-power-bike-light-led-usb-rechargeable-bike-front-light-bell.jpg?w=801&amp;ssl=1 801w, https:\/\/i0.wp.com\/www.carsons.ro\/hu\/wp-content\/uploads\/sites\/4\/2020\/03\/waterproof-solar-power-bike-light-led-usb-rechargeable-bike-front-light-bell.jpg?resize=300%2C300&amp;ssl=1 300w, https:\/\/i0.wp.com\/www.carsons.ro\/hu\/wp-content\/uploads\/sites\/4\/2020\/03\/waterproof-solar-power-bike-light-led-usb-rechargeable-bike-front-light-bell.jpg?resize=150%2C150&amp;ssl=1 150w, https:\/\/i0.wp.com\/www.carsons.ro\/hu\/wp-content\/uploads\/sites\/4\/2020\/03\/waterproof-solar-power-bike-light-led-usb-rechargeable-bike-front-light-bell.jpg?resize=768%2C768&amp;ssl=1 768w, https:\/\/i0.wp.com\/www.carsons.ro\/hu\/wp-content\/uploads\/sites\/4\/2020\/03\/waterproof-solar-power-bike-light-led-usb-rechargeable-bike-front-light-bell.jpg?resize=324%2C324&amp;ssl=1 324w, https:\/\/i0.wp.com\/www.carsons.ro\/hu\/wp-content\/uploads\/sites\/4\/2020\/03\/waterproof-solar-power-bike-light-led-usb-rechargeable-bike-front-light-bell.jpg?resize=416%2C416&amp;ssl=1 416w, https:\/\/i0.wp.com\/www.carsons.ro\/hu\/wp-content\/uploads\/sites\/4\/2020\/03\/waterproof-solar-power-bike-light-led-usb-rechargeable-bike-front-light-bell.jpg?resize=100%2C100&amp;ssl=1 100w\" sizes=\"(max-width: 324px) 100vw, 324px\" \/><span class=\"et_overlay\"><\/span><\/span><h2 class=\"woocommerce-loop-product__title\">Far Solar Multifunctional USB<\/h2>\n\t<span class=\"onsale\">Akci\u00f3!<\/span>\n\t\n\t<span class=\"price\"><del><span class=\"woocommerce-Price-amount amount\"><bdi>128&nbsp;<span class=\"woocommerce-Price-currencySymbol\">lei<\/span><\/bdi><\/span><\/del> <ins><span class=\"woocommerce-Price-amount amount\"><bdi>109&nbsp;<span class=\"woocommerce-Price-currencySymbol\">lei<\/span><\/bdi><\/span><\/ins><br\/><span class=\"carsons-vat-included\">TVA inclus<\/span><\/span>\n<\/a><a href=\"\/hu\/wp-json\/wp\/v2\/pages\/28?add-to-cart=408\" aria-describedby=\"woocommerce_loop_add_to_cart_link_describedby_408\" data-quantity=\"1\" class=\"button product_type_simple add_to_cart_button ajax_add_to_cart\" data-product_id=\"408\" data-product_sku=\"CS-144\" aria-label=\"Kos\u00e1rba: &ldquo;Far Solar Multifunctional USB&rdquo;\" rel=\"nofollow\" data-success_message=\"&ldquo;Far Solar Multifunctional USB&rdquo; has been added to your cart\" role=\"button\">Kos\u00e1rba teszem<\/a>\t<span id=\"woocommerce_loop_add_to_cart_link_describedby_408\" class=\"screen-reader-text\">\n\t\t\t<\/span>\n<\/li>\n<li class=\"product type-product post-796 status-publish last instock product_cat-stopuri-acumulatori-reincarcabili-usb product_cat-stopuri-spate has-post-thumbnail sale taxable shipping-taxable purchasable product-type-simple\">\n\t<a href=\"https:\/\/www.carsons.ro\/hu\/produs\/stop-egg-usb\/\" class=\"woocommerce-LoopProduct-link woocommerce-loop-product__link\"><span class=\"et_shop_image\"><img loading=\"lazy\" decoding=\"async\" width=\"324\" height=\"324\" src=\"https:\/\/i0.wp.com\/www.carsons.ro\/hu\/wp-content\/uploads\/sites\/4\/2020\/03\/Moon-Ring-rear-light.jpg?resize=324%2C324&amp;ssl=1\" class=\"attachment-woocommerce_thumbnail size-woocommerce_thumbnail\" alt=\"Stop egg USB\" srcset=\"https:\/\/i0.wp.com\/www.carsons.ro\/hu\/wp-content\/uploads\/sites\/4\/2020\/03\/Moon-Ring-rear-light.jpg?resize=150%2C150&amp;ssl=1 150w, https:\/\/i0.wp.com\/www.carsons.ro\/hu\/wp-content\/uploads\/sites\/4\/2020\/03\/Moon-Ring-rear-light.jpg?resize=324%2C324&amp;ssl=1 324w, https:\/\/i0.wp.com\/www.carsons.ro\/hu\/wp-content\/uploads\/sites\/4\/2020\/03\/Moon-Ring-rear-light.jpg?resize=100%2C100&amp;ssl=1 100w, https:\/\/i0.wp.com\/www.carsons.ro\/hu\/wp-content\/uploads\/sites\/4\/2020\/03\/Moon-Ring-rear-light.jpg?zoom=2&amp;resize=324%2C324&amp;ssl=1 648w\" sizes=\"(max-width: 324px) 100vw, 324px\" \/><span class=\"et_overlay\"><\/span><\/span><h2 class=\"woocommerce-loop-product__title\">Stop egg USB<\/h2>\n\t<span class=\"onsale\">Akci\u00f3!<\/span>\n\t\n\t<span class=\"price\"><del><span class=\"woocommerce-Price-amount amount\"><bdi>78&nbsp;<span class=\"woocommerce-Price-currencySymbol\">lei<\/span><\/bdi><\/span><\/del> <ins><span class=\"woocommerce-Price-amount amount\"><bdi>62&nbsp;<span class=\"woocommerce-Price-currencySymbol\">lei<\/span><\/bdi><\/span><\/ins><br\/><span class=\"carsons-vat-included\">TVA inclus<\/span><\/span>\n<\/a><a href=\"\/hu\/wp-json\/wp\/v2\/pages\/28?add-to-cart=796\" aria-describedby=\"woocommerce_loop_add_to_cart_link_describedby_796\" data-quantity=\"1\" class=\"button product_type_simple add_to_cart_button ajax_add_to_cart\" data-product_id=\"796\" data-product_sku=\"CS-34\" aria-label=\"Kos\u00e1rba: &ldquo;Stop egg USB&rdquo;\" rel=\"nofollow\" data-success_message=\"&ldquo;Stop egg USB&rdquo; has been added to your cart\" role=\"button\">Kos\u00e1rba teszem<\/a>\t<span id=\"woocommerce_loop_add_to_cart_link_describedby_796\" class=\"screen-reader-text\">\n\t\t\t<\/span>\n<\/li>\n<\/ul>\n<\/div><\/code><\/p>\n\n\n<figure class=\"wp-block-embed is-type-video is-provider-youtube wp-block-embed-youtube wp-embed-aspect-16-9 wp-has-aspect-ratio\"><div class=\"wp-block-embed__wrapper\">\n<iframe loading=\"lazy\" title=\"Far Stop Bicicleta CARSONS\" width=\"980\" height=\"551\" src=\"https:\/\/www.youtube.com\/embed\/6_7t3Fi2W_0?feature=oembed&#038;enablejsapi=1&#038;origin=https:\/\/www.carsons.ro\" frameborder=\"0\" allow=\"accelerometer; autoplay; clipboard-write; encrypted-media; gyroscope; picture-in-picture\" allowfullscreen><\/iframe>\n<\/div><\/figure>\n","protected":false},"excerpt":{"rendered":"<p>Bine ai venit ! lumini LED biciclete si trotinete electrice Venim \u00een \u00eent\u00e2mpinarea dvs cu o gam\u0103 larg\u0103 de lumini LED biciclete si trotinete electrice, dar \u0219i alte accesorii av\u00e2nd ca scop s\u0103 satisfacem cele mai diverse preferin\u021be. Rela\u021bia noastr\u0103 cu cump\u0103r\u0103torii, fie persoane fizice sau juridice, se bazeaz\u0103 pe \u00eencredere \u0219i respect reciproc fiind [&hellip;]<\/p>\n","protected":false},"author":1,"featured_media":1394,"parent":0,"menu_order":0,"comment_status":"closed","ping_status":"closed","template":"template-fullwidth.php","meta":{"_et_pb_use_builder":"","_et_pb_old_content":"","_et_gb_content_width":"","footnotes":""},"class_list":["post-28","page","type-page","status-publish","has-post-thumbnail","hentry"],"jetpack_sharing_enabled":true,"_links":{"self":[{"href":"https:\/\/www.carsons.ro\/hu\/wp-json\/wp\/v2\/pages\/28","targetHints":{"allow":["GET"]}}],"collection":[{"href":"https:\/\/www.carsons.ro\/hu\/wp-json\/wp\/v2\/pages"}],"about":[{"href":"https:\/\/www.carsons.ro\/hu\/wp-json\/wp\/v2\/types\/page"}],"author":[{"embeddable":true,"href":"https:\/\/www.carsons.ro\/hu\/wp-json\/wp\/v2\/users\/1"}],"replies":[{"embeddable":true,"href":"https:\/\/www.carsons.ro\/hu\/wp-json\/wp\/v2\/comments?post=28"}],"version-history":[{"count":65,"href":"https:\/\/www.carsons.ro\/hu\/wp-json\/wp\/v2\/pages\/28\/revisions"}],"predecessor-version":[{"id":5110,"href":"https:\/\/www.carsons.ro\/hu\/wp-json\/wp\/v2\/pages\/28\/revisions\/5110"}],"wp:featuredmedia":[{"embeddable":true,"href":"https:\/\/www.carsons.ro\/hu\/wp-json\/wp\/v2\/media\/1394"}],"wp:attachment":[{"href":"https:\/\/www.carsons.ro\/hu\/wp-json\/wp\/v2\/media?parent=28"}],"curies":[{"name":"wp","href":"https:\/\/api.w.org\/{rel}","templated":true}]}}