{"id":72,"date":"2020-03-21T16:40:44","date_gmt":"2020-03-21T16:40:44","guid":{"rendered":"https:\/\/carsons.ro\/?page_id=72"},"modified":"2022-08-29T12:26:49","modified_gmt":"2022-08-29T12:26:49","slug":"despre-noi","status":"publish","type":"page","link":"https:\/\/www.carsons.ro\/hu\/despre-noi\/","title":{"rendered":"Despre noi"},"content":{"rendered":"\n<div class=\"wp-block-group\"><div class=\"wp-block-group__inner-container is-layout-flow wp-block-group-is-layout-flow\"><\/div><\/div>\n\n\n\n<p><mark style=\"background-color:rgba(0, 0, 0, 0)\" class=\"has-inline-color has-vivid-cyan-blue-color\">2014 &#8211; 2017: am fost prezen\u021bi mai mult pe alte pie\u021be online din Europa. <\/mark><\/p>\n\n\n\n<p><mark style=\"background-color:rgba(0, 0, 0, 0)\" class=\"has-inline-color has-vivid-cyan-blue-color\">2018: am devenit parteneri eMAG.<\/mark>    <a href=\"https:\/\/www.emag.ro\/vendors\/vendor\/radusrfd?ref=seller-page-see-all-products\"><mark style=\"background-color:#7bdcb5\" class=\"has-inline-color\">Link magazin eMAG<\/mark><\/a><\/p>\n\n\n\n<p><mark style=\"background-color:rgba(0, 0, 0, 0)\" class=\"has-inline-color has-vivid-cyan-blue-color\">2020:  www.carsons.ro a fost creat. <\/mark><\/p>\n\n\n\n<p><\/p>\n\n\n\n<p><\/p>\n\n\n\n<p><em>Suntem o echip\u0103&nbsp;t\u00e2n\u0103r\u0103&nbsp;cu o real\u0103&nbsp;pasiune pentru lumini biciclete \u0219i trotinete \u00eencep\u00e2nd din anul 2014.<\/em><\/p>\n\n\n\n<p><em>Venim \u00een \u00eent\u00e2mpinarea dvs cu o gam\u0103 larg\u0103 de lumini LED biciclete \/ trotinete \u0219i alte accesorii, av\u00e2nd ca scop s\u0103 satisfacem cele mai diverse preferin\u021be. <\/em><\/p>\n\n\n\n<p><em>Dorim s\u0103 aducem un plus la siguran\u021ba dvs \u00een trafic, dar totu\u0219i la un pre\u021b mic.<\/em> <\/p>\n\n\n\n<p><em>Nu pretindem c\u0103 am avea cele mai bune modele sau de cea mai bun\u0103 calitate, \u00eens\u0103 putem garanta cel mai bun raport pre\u021b\/calitate \u0219i cea mai variat\u0103 gam\u0103 de produse pe acest segment, av\u00e2nd \u00een prezent peste 80 de modele diferite.<\/em> <\/p>\n\n\n\n<p><em>Rela\u021bia noastr\u0103 cu cump\u0103r\u0103torii, fie persoane fizice sau juridice, se bazeaz\u0103 pe \u00eencredere \u0219i respect reciproc fiind permanent deschi\u0219i la feedback-ul acestora.&nbsp;<\/em><\/p>\n\n\n\n<p><em>\u00centotdeauna c\u0103ut\u0103m c\u0103i noi de a face lucrurile mai bine f\u0103r\u0103 a compromite modelul cu care am \u00eenceput &#8211; \u0219i nu o vom face nici in viitor. <\/em><\/p>\n\n\n\n<p><em>Spor la pedalat,<\/em><\/p>\n\n\n\n<p><em>Echipa Carsons Lights<\/em><\/p>\n\n\n<div class=\"wp-block-image\">\n<figure class=\"alignleft size-large is-resized\"><img data-recalc-dims=\"1\" loading=\"lazy\" decoding=\"async\" src=\"https:\/\/i0.wp.com\/www.carsons.ro\/wp-content\/uploads\/2020\/10\/logo_10_mic-1.jpg?resize=150%2C150&#038;ssl=1\" alt=\"\" class=\"wp-image-2120\" width=\"150\" height=\"150\" srcset=\"https:\/\/i0.wp.com\/www.carsons.ro\/hu\/wp-content\/uploads\/sites\/4\/2020\/10\/logo_10_mic-1.jpg?w=300&amp;ssl=1 300w, https:\/\/i0.wp.com\/www.carsons.ro\/hu\/wp-content\/uploads\/sites\/4\/2020\/10\/logo_10_mic-1.jpg?resize=150%2C150&amp;ssl=1 150w, https:\/\/i0.wp.com\/www.carsons.ro\/hu\/wp-content\/uploads\/sites\/4\/2020\/10\/logo_10_mic-1.jpg?resize=100%2C100&amp;ssl=1 100w\" sizes=\"(max-width: 150px) 100vw, 150px\" \/><\/figure>\n<\/div>\n\n\n<p><\/p>\n","protected":false},"excerpt":{"rendered":"<p>2014 &#8211; 2017: am fost prezen\u021bi mai mult pe alte pie\u021be online din Europa. 2018: am devenit parteneri eMAG. Link magazin eMAG 2020: www.carsons.ro a fost creat. Suntem o echip\u0103&nbsp;t\u00e2n\u0103r\u0103&nbsp;cu o real\u0103&nbsp;pasiune pentru lumini biciclete \u0219i trotinete \u00eencep\u00e2nd din anul 2014. Venim \u00een \u00eent\u00e2mpinarea dvs cu o gam\u0103 larg\u0103 de lumini LED biciclete \/ trotinete [&hellip;]<\/p>\n","protected":false},"author":1,"featured_media":0,"parent":0,"menu_order":0,"comment_status":"closed","ping_status":"closed","template":"","meta":{"_et_pb_use_builder":"","_et_pb_old_content":"","_et_gb_content_width":"","footnotes":""},"class_list":["post-72","page","type-page","status-publish","hentry"],"jetpack_sharing_enabled":true,"_links":{"self":[{"href":"https:\/\/www.carsons.ro\/hu\/wp-json\/wp\/v2\/pages\/72","targetHints":{"allow":["GET"]}}],"collection":[{"href":"https:\/\/www.carsons.ro\/hu\/wp-json\/wp\/v2\/pages"}],"about":[{"href":"https:\/\/www.carsons.ro\/hu\/wp-json\/wp\/v2\/types\/page"}],"author":[{"embeddable":true,"href":"https:\/\/www.carsons.ro\/hu\/wp-json\/wp\/v2\/users\/1"}],"replies":[{"embeddable":true,"href":"https:\/\/www.carsons.ro\/hu\/wp-json\/wp\/v2\/comments?post=72"}],"version-history":[{"count":34,"href":"https:\/\/www.carsons.ro\/hu\/wp-json\/wp\/v2\/pages\/72\/revisions"}],"predecessor-version":[{"id":5103,"href":"https:\/\/www.carsons.ro\/hu\/wp-json\/wp\/v2\/pages\/72\/revisions\/5103"}],"wp:attachment":[{"href":"https:\/\/www.carsons.ro\/hu\/wp-json\/wp\/v2\/media?parent=72"}],"curies":[{"name":"wp","href":"https:\/\/api.w.org\/{rel}","templated":true}]}}