{"id":5011,"date":"2022-08-02T09:40:12","date_gmt":"2022-08-02T09:40:12","guid":{"rendered":"https:\/\/www.carsons.ro\/?post_type=product&#038;p=5011"},"modified":"2024-07-09T12:14:01","modified_gmt":"2024-07-09T12:14:01","slug":"gripuri-mansoane-race-face-grip-half-nelson-w-lock-negru","status":"publish","type":"product","link":"https:\/\/www.carsons.ro\/hu\/produs\/gripuri-mansoane-race-face-grip-half-nelson-w-lock-negru\/","title":{"rendered":"Gripuri Mansoane RACE FACE GRIP HALF NELSON W\/LOCK negru"},"content":{"rendered":"","protected":false},"excerpt":{"rendered":"<p>https:\/\/youtu.be\/gS4UMxR7yn0<\/p>\n<p>Profil redus \u0219i form\u0103 direc\u021bional\u0103, aceste m\u00e2nere canalizeaz\u0103 umezeala f\u0103r\u0103 a aluneca un centimetru. Compusul patentat de cauciuc Race Face este de neegalat c\u00e2nd vine vorba de structura de prindere, durabilitate \u0219i design. M\u00e2nerele Half Nelson v\u0103 ofer\u0103 acea senza\u021bie at\u00e2t de greu de atins pe care o ob\u021bine\u021bi de la m\u00e2nerele preferate chiar \u00eenainte ca acestea s\u0103 fie complet uzate. Half Nelsons au o senza\u021bie super-moale, sub\u021bire \u0219i u\u0219oar\u0103 chiar din cutie.<\/p>\n<p>Material Cauciuc<\/p>\n<p>Greutate 92 g<\/p>\n","protected":false},"featured_media":5013,"comment_status":"open","ping_status":"closed","template":"","meta":{"_et_pb_use_builder":"","_et_pb_old_content":"","_et_gb_content_width":""},"product_brand":[],"product_cat":[52,145],"product_tag":[],"class_list":{"0":"post-5011","1":"product","2":"type-product","3":"status-publish","4":"has-post-thumbnail","6":"product_cat-produse-diverse","7":"product_cat-mansoane","9":"first","10":"instock","11":"taxable","12":"shipping-taxable","13":"purchasable","14":"product-type-simple"},"jetpack_sharing_enabled":true,"_links":{"self":[{"href":"https:\/\/www.carsons.ro\/hu\/wp-json\/wp\/v2\/product\/5011","targetHints":{"allow":["GET"]}}],"collection":[{"href":"https:\/\/www.carsons.ro\/hu\/wp-json\/wp\/v2\/product"}],"about":[{"href":"https:\/\/www.carsons.ro\/hu\/wp-json\/wp\/v2\/types\/product"}],"replies":[{"embeddable":true,"href":"https:\/\/www.carsons.ro\/hu\/wp-json\/wp\/v2\/comments?post=5011"}],"wp:featuredmedia":[{"embeddable":true,"href":"https:\/\/www.carsons.ro\/hu\/wp-json\/wp\/v2\/media\/5013"}],"wp:attachment":[{"href":"https:\/\/www.carsons.ro\/hu\/wp-json\/wp\/v2\/media?parent=5011"}],"wp:term":[{"taxonomy":"product_brand","embeddable":true,"href":"https:\/\/www.carsons.ro\/hu\/wp-json\/wp\/v2\/product_brand?post=5011"},{"taxonomy":"product_cat","embeddable":true,"href":"https:\/\/www.carsons.ro\/hu\/wp-json\/wp\/v2\/product_cat?post=5011"},{"taxonomy":"product_tag","embeddable":true,"href":"https:\/\/www.carsons.ro\/hu\/wp-json\/wp\/v2\/product_tag?post=5011"}],"curies":[{"name":"wp","href":"https:\/\/api.w.org\/{rel}","templated":true}]}}